{"id":364,"date":"2026-02-20T20:05:14","date_gmt":"2026-02-20T19:05:14","guid":{"rendered":"https:\/\/elementor-shop.ferme-piccand.ch\/?post_type=product&#038;p=364"},"modified":"2026-03-23T19:48:28","modified_gmt":"2026-03-23T18:48:28","slug":"rondelles-aux-amandes","status":"publish","type":"product","link":"https:\/\/elementor-shop.ferme-piccand.ch\/fr\/produit\/rondelles-aux-amandes\/","title":{"rendered":"Rondelles aux amandes"},"content":{"rendered":"<p>Paquet \u00e0 200g<br \/>\nIngr\u00e9dients : farine de bl\u00e9, sucre, beurre, \u0153ufs, amandes effil\u00e9es (mond\u00e9es), cannelle, sel<\/p>","protected":false},"excerpt":{"rendered":"<p>Freiburger Spezialit\u00e4t, Packung \u00e0 200g<\/p>","protected":false},"featured_media":365,"template":"","meta":{"inline_featured_image":false,"site-sidebar-layout":"default","site-content-layout":"","ast-site-content-layout":"default","site-content-style":"default","site-sidebar-style":"default","ast-global-header-display":"","ast-banner-title-visibility":"","ast-main-header-display":"","ast-hfb-above-header-display":"","ast-hfb-below-header-display":"","ast-hfb-mobile-header-display":"","site-post-title":"","ast-breadcrumbs-content":"","ast-featured-img":"","footer-sml-layout":"","ast-disable-related-posts":"","theme-transparent-header-meta":"default","adv-header-id-meta":"","stick-header-meta":"","header-above-stick-meta":"","header-main-stick-meta":"","header-below-stick-meta":"","astra-migrate-meta-layouts":"set","ast-page-background-enabled":"default","ast-page-background-meta":{"desktop":{"background-color":"var(--ast-global-color-5)","background-image":"","background-repeat":"repeat","background-position":"center center","background-size":"auto","background-attachment":"scroll","background-type":"","background-media":"","overlay-type":"","overlay-color":"","overlay-opacity":"","overlay-gradient":""},"tablet":{"background-color":"","background-image":"","background-repeat":"repeat","background-position":"center center","background-size":"auto","background-attachment":"scroll","background-type":"","background-media":"","overlay-type":"","overlay-color":"","overlay-opacity":"","overlay-gradient":""},"mobile":{"background-color":"","background-image":"","background-repeat":"repeat","background-position":"center center","background-size":"auto","background-attachment":"scroll","background-type":"","background-media":"","overlay-type":"","overlay-color":"","overlay-opacity":"","overlay-gradient":""}},"ast-content-background-meta":{"desktop":{"background-color":"var(--ast-global-color-4)","background-image":"","background-repeat":"repeat","background-position":"center center","background-size":"auto","background-attachment":"scroll","background-type":"","background-media":"","overlay-type":"","overlay-color":"","overlay-opacity":"","overlay-gradient":""},"tablet":{"background-color":"var(--ast-global-color-4)","background-image":"","background-repeat":"repeat","background-position":"center center","background-size":"auto","background-attachment":"scroll","background-type":"","background-media":"","overlay-type":"","overlay-color":"","overlay-opacity":"","overlay-gradient":""},"mobile":{"background-color":"var(--ast-global-color-4)","background-image":"","background-repeat":"repeat","background-position":"center center","background-size":"auto","background-attachment":"scroll","background-type":"","background-media":"","overlay-type":"","overlay-color":"","overlay-opacity":"","overlay-gradient":""}}},"product_brand":[],"product_cat":[21],"product_tag":[],"class_list":{"0":"post-364","1":"product","2":"type-product","3":"status-publish","4":"has-post-thumbnail","6":"product_cat-suessgebaeck","7":"desktop-align-left","8":"tablet-align-left","9":"mobile-align-left","11":"first","12":"instock","13":"shipping-taxable","14":"purchasable","15":"product-type-simple"},"yoast_head":"<!-- This site is optimized with the Yoast SEO plugin v27.2 - https:\/\/yoast.com\/product\/yoast-seo-wordpress\/ -->\n<title>Rondelles aux amandes - Ferme Piccand, Farvagny-le-Petit<\/title>\n<meta name=\"robots\" content=\"noindex, follow, max-snippet:-1, max-image-preview:large, max-video-preview:-1\" \/>\n<meta property=\"og:locale\" content=\"fr_FR\" \/>\n<meta property=\"og:type\" content=\"article\" \/>\n<meta property=\"og:title\" content=\"Rondelles aux amandes - Ferme Piccand, Farvagny-le-Petit\" \/>\n<meta property=\"og:description\" content=\"Freiburger Spezialit\u00e4t, Packung \u00e0 200g\" \/>\n<meta property=\"og:url\" content=\"https:\/\/elementor-shop.ferme-piccand.ch\/fr\/produit\/rondelles-aux-amandes\/\" \/>\n<meta property=\"og:site_name\" content=\"Ferme Piccand, Farvagny-le-Petit\" \/>\n<meta property=\"article:modified_time\" content=\"2026-03-23T18:48:28+00:00\" \/>\n<meta property=\"og:image\" content=\"https:\/\/elementor-shop.ferme-piccand.ch\/wp-content\/uploads\/2026\/02\/Rondelles01.jpg\" \/>\n\t<meta property=\"og:image:width\" content=\"2000\" \/>\n\t<meta property=\"og:image:height\" content=\"2500\" \/>\n\t<meta property=\"og:image:type\" content=\"image\/jpeg\" \/>\n<meta name=\"twitter:card\" content=\"summary_large_image\" \/>\n<meta name=\"twitter:label1\" content=\"Dur\u00e9e de lecture estim\u00e9e\" \/>\n\t<meta name=\"twitter:data1\" content=\"1 minute\" \/>\n<script type=\"application\/ld+json\" class=\"yoast-schema-graph\">{\"@context\":\"https:\/\/schema.org\",\"@graph\":[{\"@type\":\"WebPage\",\"@id\":\"https:\/\/elementor-shop.ferme-piccand.ch\/produkt\/rondelles-aux-amandes\/\",\"url\":\"https:\/\/elementor-shop.ferme-piccand.ch\/produkt\/rondelles-aux-amandes\/\",\"name\":\"Rondelles aux amandes - Ferme Piccand, Farvagny-le-Petit\",\"isPartOf\":{\"@id\":\"https:\/\/elementor-shop.ferme-piccand.ch\/#website\"},\"primaryImageOfPage\":{\"@id\":\"https:\/\/elementor-shop.ferme-piccand.ch\/produkt\/rondelles-aux-amandes\/#primaryimage\"},\"image\":{\"@id\":\"https:\/\/elementor-shop.ferme-piccand.ch\/produkt\/rondelles-aux-amandes\/#primaryimage\"},\"thumbnailUrl\":\"https:\/\/elementor-shop.ferme-piccand.ch\/wp-content\/uploads\/2026\/02\/Rondelles01.jpg\",\"datePublished\":\"2026-02-20T19:05:14+00:00\",\"dateModified\":\"2026-03-23T18:48:28+00:00\",\"breadcrumb\":{\"@id\":\"https:\/\/elementor-shop.ferme-piccand.ch\/produkt\/rondelles-aux-amandes\/#breadcrumb\"},\"inLanguage\":\"fr-FR\",\"potentialAction\":[{\"@type\":\"ReadAction\",\"target\":[\"https:\/\/elementor-shop.ferme-piccand.ch\/produkt\/rondelles-aux-amandes\/\"]}]},{\"@type\":\"ImageObject\",\"inLanguage\":\"fr-FR\",\"@id\":\"https:\/\/elementor-shop.ferme-piccand.ch\/produkt\/rondelles-aux-amandes\/#primaryimage\",\"url\":\"https:\/\/elementor-shop.ferme-piccand.ch\/wp-content\/uploads\/2026\/02\/Rondelles01.jpg\",\"contentUrl\":\"https:\/\/elementor-shop.ferme-piccand.ch\/wp-content\/uploads\/2026\/02\/Rondelles01.jpg\",\"width\":2000,\"height\":2500,\"caption\":\"Montag - Samstag\"},{\"@type\":\"BreadcrumbList\",\"@id\":\"https:\/\/elementor-shop.ferme-piccand.ch\/produkt\/rondelles-aux-amandes\/#breadcrumb\",\"itemListElement\":[{\"@type\":\"ListItem\",\"position\":1,\"name\":\"Start\",\"item\":\"https:\/\/elementor-shop.ferme-piccand.ch\/\"},{\"@type\":\"ListItem\",\"position\":2,\"name\":\"Shop\",\"item\":\"https:\/\/elementor-shop.ferme-piccand.ch\/shop\/\"},{\"@type\":\"ListItem\",\"position\":3,\"name\":\"Rondelles aux amandes\"}]},{\"@type\":\"WebSite\",\"@id\":\"https:\/\/elementor-shop.ferme-piccand.ch\/#website\",\"url\":\"https:\/\/elementor-shop.ferme-piccand.ch\/\",\"name\":\"Ferme Piccand Farvagny-le-Petit\",\"description\":\"Feine Backwaren und Freiburger Spezialit\u00e4ten\",\"publisher\":{\"@id\":\"https:\/\/elementor-shop.ferme-piccand.ch\/#\/schema\/person\/9b3cfc38b0a34737901c0b08ca7b7e3f\"},\"potentialAction\":[{\"@type\":\"SearchAction\",\"target\":{\"@type\":\"EntryPoint\",\"urlTemplate\":\"https:\/\/elementor-shop.ferme-piccand.ch\/?s={search_term_string}\"},\"query-input\":{\"@type\":\"PropertyValueSpecification\",\"valueRequired\":true,\"valueName\":\"search_term_string\"}}],\"inLanguage\":\"fr-FR\"},{\"@type\":[\"Person\",\"Organization\"],\"@id\":\"https:\/\/elementor-shop.ferme-piccand.ch\/#\/schema\/person\/9b3cfc38b0a34737901c0b08ca7b7e3f\",\"name\":\"admin\",\"image\":{\"@type\":\"ImageObject\",\"inLanguage\":\"fr-FR\",\"@id\":\"https:\/\/elementor-shop.ferme-piccand.ch\/wp-content\/uploads\/2026\/02\/Logo_FermePiccand_de.png\",\"url\":\"https:\/\/elementor-shop.ferme-piccand.ch\/wp-content\/uploads\/2026\/02\/Logo_FermePiccand_de.png\",\"contentUrl\":\"https:\/\/elementor-shop.ferme-piccand.ch\/wp-content\/uploads\/2026\/02\/Logo_FermePiccand_de.png\",\"width\":300,\"height\":113,\"caption\":\"admin\"},\"logo\":{\"@id\":\"https:\/\/elementor-shop.ferme-piccand.ch\/wp-content\/uploads\/2026\/02\/Logo_FermePiccand_de.png\"},\"sameAs\":[\"https:\/\/elementor-shop.ferme-piccand.ch\"]}]}<\/script>\n<!-- \/ Yoast SEO plugin. -->","yoast_head_json":{"title":"Rondelles aux amandes - Ferme Piccand, Farvagny-le-Petit","robots":{"index":"noindex","follow":"follow","max-snippet":"max-snippet:-1","max-image-preview":"max-image-preview:large","max-video-preview":"max-video-preview:-1"},"og_locale":"fr_FR","og_type":"article","og_title":"Rondelles aux amandes - Ferme Piccand, Farvagny-le-Petit","og_description":"Freiburger Spezialit\u00e4t, Packung \u00e0 200g","og_url":"https:\/\/elementor-shop.ferme-piccand.ch\/fr\/produit\/rondelles-aux-amandes\/","og_site_name":"Ferme Piccand, Farvagny-le-Petit","article_modified_time":"2026-03-23T18:48:28+00:00","og_image":[{"width":2000,"height":2500,"url":"https:\/\/elementor-shop.ferme-piccand.ch\/wp-content\/uploads\/2026\/02\/Rondelles01.jpg","type":"image\/jpeg"}],"twitter_card":"summary_large_image","twitter_misc":{"Dur\u00e9e de lecture estim\u00e9e":"1 minute"},"schema":{"@context":"https:\/\/schema.org","@graph":[{"@type":"WebPage","@id":"https:\/\/elementor-shop.ferme-piccand.ch\/produkt\/rondelles-aux-amandes\/","url":"https:\/\/elementor-shop.ferme-piccand.ch\/produkt\/rondelles-aux-amandes\/","name":"Rondelles aux amandes - Ferme Piccand, Farvagny-le-Petit","isPartOf":{"@id":"https:\/\/elementor-shop.ferme-piccand.ch\/#website"},"primaryImageOfPage":{"@id":"https:\/\/elementor-shop.ferme-piccand.ch\/produkt\/rondelles-aux-amandes\/#primaryimage"},"image":{"@id":"https:\/\/elementor-shop.ferme-piccand.ch\/produkt\/rondelles-aux-amandes\/#primaryimage"},"thumbnailUrl":"https:\/\/elementor-shop.ferme-piccand.ch\/wp-content\/uploads\/2026\/02\/Rondelles01.jpg","datePublished":"2026-02-20T19:05:14+00:00","dateModified":"2026-03-23T18:48:28+00:00","breadcrumb":{"@id":"https:\/\/elementor-shop.ferme-piccand.ch\/produkt\/rondelles-aux-amandes\/#breadcrumb"},"inLanguage":"fr-FR","potentialAction":[{"@type":"ReadAction","target":["https:\/\/elementor-shop.ferme-piccand.ch\/produkt\/rondelles-aux-amandes\/"]}]},{"@type":"ImageObject","inLanguage":"fr-FR","@id":"https:\/\/elementor-shop.ferme-piccand.ch\/produkt\/rondelles-aux-amandes\/#primaryimage","url":"https:\/\/elementor-shop.ferme-piccand.ch\/wp-content\/uploads\/2026\/02\/Rondelles01.jpg","contentUrl":"https:\/\/elementor-shop.ferme-piccand.ch\/wp-content\/uploads\/2026\/02\/Rondelles01.jpg","width":2000,"height":2500,"caption":"Montag - Samstag"},{"@type":"BreadcrumbList","@id":"https:\/\/elementor-shop.ferme-piccand.ch\/produkt\/rondelles-aux-amandes\/#breadcrumb","itemListElement":[{"@type":"ListItem","position":1,"name":"Start","item":"https:\/\/elementor-shop.ferme-piccand.ch\/"},{"@type":"ListItem","position":2,"name":"Shop","item":"https:\/\/elementor-shop.ferme-piccand.ch\/shop\/"},{"@type":"ListItem","position":3,"name":"Rondelles aux amandes"}]},{"@type":"WebSite","@id":"https:\/\/elementor-shop.ferme-piccand.ch\/#website","url":"https:\/\/elementor-shop.ferme-piccand.ch\/","name":"Ferme Piccand Farvagny-le-Petit","description":"Feine Backwaren und Freiburger Spezialit\u00e4ten","publisher":{"@id":"https:\/\/elementor-shop.ferme-piccand.ch\/#\/schema\/person\/9b3cfc38b0a34737901c0b08ca7b7e3f"},"potentialAction":[{"@type":"SearchAction","target":{"@type":"EntryPoint","urlTemplate":"https:\/\/elementor-shop.ferme-piccand.ch\/?s={search_term_string}"},"query-input":{"@type":"PropertyValueSpecification","valueRequired":true,"valueName":"search_term_string"}}],"inLanguage":"fr-FR"},{"@type":["Person","Organization"],"@id":"https:\/\/elementor-shop.ferme-piccand.ch\/#\/schema\/person\/9b3cfc38b0a34737901c0b08ca7b7e3f","name":"admin","image":{"@type":"ImageObject","inLanguage":"fr-FR","@id":"https:\/\/elementor-shop.ferme-piccand.ch\/wp-content\/uploads\/2026\/02\/Logo_FermePiccand_de.png","url":"https:\/\/elementor-shop.ferme-piccand.ch\/wp-content\/uploads\/2026\/02\/Logo_FermePiccand_de.png","contentUrl":"https:\/\/elementor-shop.ferme-piccand.ch\/wp-content\/uploads\/2026\/02\/Logo_FermePiccand_de.png","width":300,"height":113,"caption":"admin"},"logo":{"@id":"https:\/\/elementor-shop.ferme-piccand.ch\/wp-content\/uploads\/2026\/02\/Logo_FermePiccand_de.png"},"sameAs":["https:\/\/elementor-shop.ferme-piccand.ch"]}]}},"_links":{"self":[{"href":"https:\/\/elementor-shop.ferme-piccand.ch\/fr\/wp-json\/wp\/v2\/product\/364","targetHints":{"allow":["GET"]}}],"collection":[{"href":"https:\/\/elementor-shop.ferme-piccand.ch\/fr\/wp-json\/wp\/v2\/product"}],"about":[{"href":"https:\/\/elementor-shop.ferme-piccand.ch\/fr\/wp-json\/wp\/v2\/types\/product"}],"version-history":[{"count":2,"href":"https:\/\/elementor-shop.ferme-piccand.ch\/fr\/wp-json\/wp\/v2\/product\/364\/revisions"}],"predecessor-version":[{"id":5230,"href":"https:\/\/elementor-shop.ferme-piccand.ch\/fr\/wp-json\/wp\/v2\/product\/364\/revisions\/5230"}],"wp:featuredmedia":[{"embeddable":true,"href":"https:\/\/elementor-shop.ferme-piccand.ch\/fr\/wp-json\/wp\/v2\/media\/365"}],"wp:attachment":[{"href":"https:\/\/elementor-shop.ferme-piccand.ch\/fr\/wp-json\/wp\/v2\/media?parent=364"}],"wp:term":[{"taxonomy":"product_brand","embeddable":true,"href":"https:\/\/elementor-shop.ferme-piccand.ch\/fr\/wp-json\/wp\/v2\/product_brand?post=364"},{"taxonomy":"product_cat","embeddable":true,"href":"https:\/\/elementor-shop.ferme-piccand.ch\/fr\/wp-json\/wp\/v2\/product_cat?post=364"},{"taxonomy":"product_tag","embeddable":true,"href":"https:\/\/elementor-shop.ferme-piccand.ch\/fr\/wp-json\/wp\/v2\/product_tag?post=364"}],"curies":[{"name":"wp","href":"https:\/\/api.w.org\/{rel}","templated":true}]}}