{"id":1831,"date":"2026-03-02T22:03:20","date_gmt":"2026-03-02T21:03:20","guid":{"rendered":"https:\/\/elementor-shop.ferme-piccand.ch\/?page_id=1831"},"modified":"2026-03-10T17:27:47","modified_gmt":"2026-03-10T16:27:47","slug":"impressum","status":"publish","type":"page","link":"https:\/\/elementor-shop.ferme-piccand.ch\/fr\/impressum\/","title":{"rendered":"Mentions l\u00e9gales"},"content":{"rendered":"<div data-elementor-type=\"wp-page\" data-elementor-id=\"1831\" class=\"elementor elementor-1831\">\n\t\t\t\t<div class=\"elementor-element elementor-element-fc2b831 e-flex e-con-boxed e-con e-parent\" data-id=\"fc2b831\" data-element_type=\"container\" data-e-type=\"container\">\n\t\t\t\t\t<div class=\"e-con-inner\">\n\t\t\t\t<div class=\"elementor-element elementor-element-3b7fd6d elementor-widget elementor-widget-spacer\" data-id=\"3b7fd6d\" data-element_type=\"widget\" data-e-type=\"widget\" data-widget_type=\"spacer.default\">\n\t\t\t\t\t\t\t<div class=\"elementor-spacer\">\n\t\t\t<div class=\"elementor-spacer-inner\"><\/div>\n\t\t<\/div>\n\t\t\t\t\t\t<\/div>\n\t\t\t\t\t<\/div>\n\t\t\t\t<\/div>\n\t\t<div class=\"elementor-element elementor-element-b178889 e-flex e-con-boxed e-con e-parent\" data-id=\"b178889\" data-element_type=\"container\" data-e-type=\"container\">\n\t\t\t\t\t<div class=\"e-con-inner\">\n\t\t\t\t<div class=\"elementor-element elementor-element-2032219 section-title elementor-widget elementor-widget-heading\" data-id=\"2032219\" data-element_type=\"widget\" data-e-type=\"widget\" data-widget_type=\"heading.default\">\n\t\t\t\t\t<h1 class=\"elementor-heading-title elementor-size-default\">Mentions l\u00e9gales<\/h1>\t\t\t\t<\/div>\n\t\t\t\t\t<\/div>\n\t\t\t\t<\/div>\n\t\t<div class=\"elementor-element elementor-element-d3c1b89 e-flex e-con-boxed e-con e-parent\" data-id=\"d3c1b89\" data-element_type=\"container\" data-e-type=\"container\">\n\t\t\t\t\t<div class=\"e-con-inner\">\n\t\t\t\t<div class=\"elementor-element elementor-element-6cdb433 elementor-widget elementor-widget-text-editor\" data-id=\"6cdb433\" data-element_type=\"widget\" data-e-type=\"widget\" data-widget_type=\"text-editor.default\">\n\t\t\t\t\t\t\t\t\t<section>\n<h2>Contact<\/h2>\n<div>Ferme Piccand\nClaudia Piccand\nPleinvent 7<br>\n1726 Farvagny-le-Petit<br>\nSuisse<br><br>\n\nE-mail <a href=\"mailto:cornelia.dubach@bluewin.ch\">info@fermepiccand.ch<\/a><br>\nWeb: <a href=\"https:\/\/www.fermepiccand.ch\" target=\"_blank\" rel=\"noopener\">www.fermepiccand.ch<\/a><\/div><br>\n<h2>Haftungsausschluss<\/h2>\n<ol>\n \t<li style=\"list-style-type: none;\">\n<ol>\n \t<li><strong>Inhalte<\/strong>\nTrotz sorgf\u00e4ltiger inhaltlicher Kontrolle \u00fcbernehmen wir keine Gew\u00e4hr f\u00fcr die Aktualit\u00e4t, Vollst\u00e4ndigkeit und Richtigkeit der bereitgestellten Informationen. Jegliche Haftungsanspr\u00fcche gegen uns, die sich auf Sch\u00e4den materieller oder ideeller Art beziehen \u2013 verursacht durch die Nutzung oder Nichtnutzung der dargebotenen Inhalte bzw. durch Nutzung fehlerhafter und unvollst\u00e4ndiger Informationen \u2013 sind grunds\u00e4tzlich ausgeschlossen.<\/li>\n<\/ol>\n<\/li>\n<\/ol>\n&nbsp;\n<ol>\n \t<li style=\"list-style-type: none;\">\n<ol>\n \t<li><strong>Externe Links<\/strong>\nUnsere Webseite enth\u00e4lt Links zu externen Websites Dritter, auf deren Inhalte wir keinen Einfluss haben. Deshalb \u00fcbernehmen wir f\u00fcr diese fremden Inhalte auch keine Gew\u00e4hr. F\u00fcr die Inhalte der verlinkten Seiten ist stets der jeweilige Anbieter oder Betreiber der Seiten verantwortlich.<\/li>\n<\/ol>\n<\/li>\n<\/ol>\n&nbsp;\n<ol>\n \t<li style=\"list-style-type: none;\">\n<ol>\n \t<li><strong>Urheberrecht<\/strong>\nDie durch die Seitenbetreiber erstellten Inhalte und Werke auf dieser Website unterliegen dem schweizerischen Urheberrecht. Beitr\u00e4ge Dritter sind als solche gekennzeichnet. Die Vervielf\u00e4ltigung, Bearbeitung, Verbreitung und jede Art der Verwertung au\u00dferhalb der Grenzen des Urheberrechts bed\u00fcrfen unserer schriftlichen Zustimmung.<\/li>\n<\/ol>\n<\/li>\n<\/ol>\n&nbsp;\n<ol>\n \t<li><strong>\u00c4nderungen und Irrt\u00fcmer<\/strong>\nWir behalten uns ausdr\u00fccklich vor, Teile der Seiten oder das gesamte Angebot jederzeit zu \u00e4ndern, zu erg\u00e4nzen, zu l\u00f6schen oder die Ver\u00f6ffentlichung zeitweise oder endg\u00fcltig einzustellen. Sollten einzelne Formulierungen oder Darstellungen dieses Haftungsausschlusses unwirksam sein, bleiben die \u00fcbrigen Bestimmungen davon unber\u00fchrt.<\/li>\n<\/ol>\n<\/div>\n<\/section>\t\t\t\t\t\t\t\t<\/div>\n\t\t\t\t\t<\/div>\n\t\t\t\t<\/div>\n\t\t<div class=\"elementor-element elementor-element-e408e61 e-flex e-con-boxed e-con e-parent\" data-id=\"e408e61\" data-element_type=\"container\" data-e-type=\"container\">\n\t\t\t\t\t<div class=\"e-con-inner\">\n\t\t\t\t<div class=\"elementor-element elementor-element-e6602e9 elementor-widget elementor-widget-spacer\" data-id=\"e6602e9\" data-element_type=\"widget\" data-e-type=\"widget\" data-widget_type=\"spacer.default\">\n\t\t\t\t\t\t\t<div class=\"elementor-spacer\">\n\t\t\t<div class=\"elementor-spacer-inner\"><\/div>\n\t\t<\/div>\n\t\t\t\t\t\t<\/div>\n\t\t\t\t\t<\/div>\n\t\t\t\t<\/div>\n\t\t\t\t<\/div>","protected":false},"excerpt":{"rendered":"<p>Impressum Kontakt Ferme Piccand Claudia Piccand Pleinvent 7 1726 Farvagny-le-Petit Schweiz E-Mail: info@fermepiccand.ch Web: www.fermepiccand.ch Haftungsausschluss Inhalte Trotz sorgf\u00e4ltiger inhaltlicher [&hellip;]<\/p>\n","protected":false},"author":1,"featured_media":0,"parent":0,"menu_order":0,"comment_status":"closed","ping_status":"closed","template":"","meta":{"inline_featured_image":false,"site-sidebar-layout":"no-sidebar","site-content-layout":"","ast-site-content-layout":"full-width-container","site-content-style":"default","site-sidebar-style":"default","ast-global-header-display":"","ast-banner-title-visibility":"","ast-main-header-display":"","ast-hfb-above-header-display":"","ast-hfb-below-header-display":"","ast-hfb-mobile-header-display":"","site-post-title":"","ast-breadcrumbs-content":"","ast-featured-img":"disabled","footer-sml-layout":"","ast-disable-related-posts":"","theme-transparent-header-meta":"default","adv-header-id-meta":"","stick-header-meta":"","header-above-stick-meta":"","header-main-stick-meta":"","header-below-stick-meta":"","astra-migrate-meta-layouts":"set","ast-page-background-enabled":"default","ast-page-background-meta":{"desktop":{"background-color":"var(--ast-global-color-5)","background-image":"","background-repeat":"repeat","background-position":"center center","background-size":"auto","background-attachment":"scroll","background-type":"","background-media":"","overlay-type":"","overlay-color":"","overlay-opacity":"","overlay-gradient":""},"tablet":{"background-color":"","background-image":"","background-repeat":"repeat","background-position":"center center","background-size":"auto","background-attachment":"scroll","background-type":"","background-media":"","overlay-type":"","overlay-color":"","overlay-opacity":"","overlay-gradient":""},"mobile":{"background-color":"","background-image":"","background-repeat":"repeat","background-position":"center center","background-size":"auto","background-attachment":"scroll","background-type":"","background-media":"","overlay-type":"","overlay-color":"","overlay-opacity":"","overlay-gradient":""}},"ast-content-background-meta":{"desktop":{"background-color":"var(--ast-global-color-4)","background-image":"","background-repeat":"repeat","background-position":"center center","background-size":"auto","background-attachment":"scroll","background-type":"","background-media":"","overlay-type":"","overlay-color":"","overlay-opacity":"","overlay-gradient":""},"tablet":{"background-color":"var(--ast-global-color-4)","background-image":"","background-repeat":"repeat","background-position":"center center","background-size":"auto","background-attachment":"scroll","background-type":"","background-media":"","overlay-type":"","overlay-color":"","overlay-opacity":"","overlay-gradient":""},"mobile":{"background-color":"var(--ast-global-color-4)","background-image":"","background-repeat":"repeat","background-position":"center center","background-size":"auto","background-attachment":"scroll","background-type":"","background-media":"","overlay-type":"","overlay-color":"","overlay-opacity":"","overlay-gradient":""}},"footnotes":""},"class_list":["post-1831","page","type-page","status-publish","hentry"],"yoast_head":"<!-- This site is optimized with the Yoast SEO plugin v27.2 - https:\/\/yoast.com\/product\/yoast-seo-wordpress\/ -->\n<title>Impressum - Ferme Piccand, Farvagny-le-Petit<\/title>\n<meta name=\"robots\" content=\"noindex, follow, max-snippet:-1, max-image-preview:large, max-video-preview:-1\" \/>\n<meta property=\"og:locale\" content=\"fr_FR\" \/>\n<meta property=\"og:type\" content=\"article\" \/>\n<meta property=\"og:title\" content=\"Impressum - Ferme Piccand, Farvagny-le-Petit\" \/>\n<meta property=\"og:description\" content=\"Impressum Kontakt Ferme Piccand Claudia Piccand Pleinvent 7 1726 Farvagny-le-Petit Schweiz E-Mail: info@fermepiccand.ch Web: www.fermepiccand.ch Haftungsausschluss Inhalte Trotz sorgf\u00e4ltiger inhaltlicher [&hellip;]\" \/>\n<meta property=\"og:url\" content=\"https:\/\/elementor-shop.ferme-piccand.ch\/fr\/impressum\/\" \/>\n<meta property=\"og:site_name\" content=\"Ferme Piccand, Farvagny-le-Petit\" \/>\n<meta property=\"article:modified_time\" content=\"2026-03-10T16:27:47+00:00\" \/>\n<meta name=\"twitter:card\" content=\"summary_large_image\" \/>\n<meta name=\"twitter:label1\" content=\"Dur\u00e9e de lecture estim\u00e9e\" \/>\n\t<meta name=\"twitter:data1\" content=\"2 minutes\" \/>\n<script type=\"application\/ld+json\" class=\"yoast-schema-graph\">{\"@context\":\"https:\/\/schema.org\",\"@graph\":[{\"@type\":\"WebPage\",\"@id\":\"https:\/\/elementor-shop.ferme-piccand.ch\/impressum\/\",\"url\":\"https:\/\/elementor-shop.ferme-piccand.ch\/impressum\/\",\"name\":\"Impressum - Ferme Piccand, Farvagny-le-Petit\",\"isPartOf\":{\"@id\":\"https:\/\/elementor-shop.ferme-piccand.ch\/#website\"},\"datePublished\":\"2026-03-02T21:03:20+00:00\",\"dateModified\":\"2026-03-10T16:27:47+00:00\",\"breadcrumb\":{\"@id\":\"https:\/\/elementor-shop.ferme-piccand.ch\/impressum\/#breadcrumb\"},\"inLanguage\":\"fr-FR\",\"potentialAction\":[{\"@type\":\"ReadAction\",\"target\":[\"https:\/\/elementor-shop.ferme-piccand.ch\/impressum\/\"]}]},{\"@type\":\"BreadcrumbList\",\"@id\":\"https:\/\/elementor-shop.ferme-piccand.ch\/impressum\/#breadcrumb\",\"itemListElement\":[{\"@type\":\"ListItem\",\"position\":1,\"name\":\"Start\",\"item\":\"https:\/\/elementor-shop.ferme-piccand.ch\/\"},{\"@type\":\"ListItem\",\"position\":2,\"name\":\"Impressum\"}]},{\"@type\":\"WebSite\",\"@id\":\"https:\/\/elementor-shop.ferme-piccand.ch\/#website\",\"url\":\"https:\/\/elementor-shop.ferme-piccand.ch\/\",\"name\":\"Ferme Piccand Farvagny-le-Petit\",\"description\":\"Feine Backwaren und Freiburger Spezialit\u00e4ten\",\"publisher\":{\"@id\":\"https:\/\/elementor-shop.ferme-piccand.ch\/#\/schema\/person\/9b3cfc38b0a34737901c0b08ca7b7e3f\"},\"potentialAction\":[{\"@type\":\"SearchAction\",\"target\":{\"@type\":\"EntryPoint\",\"urlTemplate\":\"https:\/\/elementor-shop.ferme-piccand.ch\/?s={search_term_string}\"},\"query-input\":{\"@type\":\"PropertyValueSpecification\",\"valueRequired\":true,\"valueName\":\"search_term_string\"}}],\"inLanguage\":\"fr-FR\"},{\"@type\":[\"Person\",\"Organization\"],\"@id\":\"https:\/\/elementor-shop.ferme-piccand.ch\/#\/schema\/person\/9b3cfc38b0a34737901c0b08ca7b7e3f\",\"name\":\"admin\",\"image\":{\"@type\":\"ImageObject\",\"inLanguage\":\"fr-FR\",\"@id\":\"https:\/\/elementor-shop.ferme-piccand.ch\/wp-content\/uploads\/2026\/02\/Logo_FermePiccand_de.png\",\"url\":\"https:\/\/elementor-shop.ferme-piccand.ch\/wp-content\/uploads\/2026\/02\/Logo_FermePiccand_de.png\",\"contentUrl\":\"https:\/\/elementor-shop.ferme-piccand.ch\/wp-content\/uploads\/2026\/02\/Logo_FermePiccand_de.png\",\"width\":300,\"height\":113,\"caption\":\"admin\"},\"logo\":{\"@id\":\"https:\/\/elementor-shop.ferme-piccand.ch\/wp-content\/uploads\/2026\/02\/Logo_FermePiccand_de.png\"},\"sameAs\":[\"https:\/\/elementor-shop.ferme-piccand.ch\"]}]}<\/script>\n<!-- \/ Yoast SEO plugin. -->","yoast_head_json":{"title":"Impressum - Ferme Piccand, Farvagny-le-Petit","robots":{"index":"noindex","follow":"follow","max-snippet":"max-snippet:-1","max-image-preview":"max-image-preview:large","max-video-preview":"max-video-preview:-1"},"og_locale":"fr_FR","og_type":"article","og_title":"Impressum - Ferme Piccand, Farvagny-le-Petit","og_description":"Impressum Kontakt Ferme Piccand Claudia Piccand Pleinvent 7 1726 Farvagny-le-Petit Schweiz E-Mail: info@fermepiccand.ch Web: www.fermepiccand.ch Haftungsausschluss Inhalte Trotz sorgf\u00e4ltiger inhaltlicher [&hellip;]","og_url":"https:\/\/elementor-shop.ferme-piccand.ch\/fr\/impressum\/","og_site_name":"Ferme Piccand, Farvagny-le-Petit","article_modified_time":"2026-03-10T16:27:47+00:00","twitter_card":"summary_large_image","twitter_misc":{"Dur\u00e9e de lecture estim\u00e9e":"2 minutes"},"schema":{"@context":"https:\/\/schema.org","@graph":[{"@type":"WebPage","@id":"https:\/\/elementor-shop.ferme-piccand.ch\/impressum\/","url":"https:\/\/elementor-shop.ferme-piccand.ch\/impressum\/","name":"Impressum - Ferme Piccand, Farvagny-le-Petit","isPartOf":{"@id":"https:\/\/elementor-shop.ferme-piccand.ch\/#website"},"datePublished":"2026-03-02T21:03:20+00:00","dateModified":"2026-03-10T16:27:47+00:00","breadcrumb":{"@id":"https:\/\/elementor-shop.ferme-piccand.ch\/impressum\/#breadcrumb"},"inLanguage":"fr-FR","potentialAction":[{"@type":"ReadAction","target":["https:\/\/elementor-shop.ferme-piccand.ch\/impressum\/"]}]},{"@type":"BreadcrumbList","@id":"https:\/\/elementor-shop.ferme-piccand.ch\/impressum\/#breadcrumb","itemListElement":[{"@type":"ListItem","position":1,"name":"Start","item":"https:\/\/elementor-shop.ferme-piccand.ch\/"},{"@type":"ListItem","position":2,"name":"Impressum"}]},{"@type":"WebSite","@id":"https:\/\/elementor-shop.ferme-piccand.ch\/#website","url":"https:\/\/elementor-shop.ferme-piccand.ch\/","name":"Ferme Piccand Farvagny-le-Petit","description":"Feine Backwaren und Freiburger Spezialit\u00e4ten","publisher":{"@id":"https:\/\/elementor-shop.ferme-piccand.ch\/#\/schema\/person\/9b3cfc38b0a34737901c0b08ca7b7e3f"},"potentialAction":[{"@type":"SearchAction","target":{"@type":"EntryPoint","urlTemplate":"https:\/\/elementor-shop.ferme-piccand.ch\/?s={search_term_string}"},"query-input":{"@type":"PropertyValueSpecification","valueRequired":true,"valueName":"search_term_string"}}],"inLanguage":"fr-FR"},{"@type":["Person","Organization"],"@id":"https:\/\/elementor-shop.ferme-piccand.ch\/#\/schema\/person\/9b3cfc38b0a34737901c0b08ca7b7e3f","name":"admin","image":{"@type":"ImageObject","inLanguage":"fr-FR","@id":"https:\/\/elementor-shop.ferme-piccand.ch\/wp-content\/uploads\/2026\/02\/Logo_FermePiccand_de.png","url":"https:\/\/elementor-shop.ferme-piccand.ch\/wp-content\/uploads\/2026\/02\/Logo_FermePiccand_de.png","contentUrl":"https:\/\/elementor-shop.ferme-piccand.ch\/wp-content\/uploads\/2026\/02\/Logo_FermePiccand_de.png","width":300,"height":113,"caption":"admin"},"logo":{"@id":"https:\/\/elementor-shop.ferme-piccand.ch\/wp-content\/uploads\/2026\/02\/Logo_FermePiccand_de.png"},"sameAs":["https:\/\/elementor-shop.ferme-piccand.ch"]}]}},"_links":{"self":[{"href":"https:\/\/elementor-shop.ferme-piccand.ch\/fr\/wp-json\/wp\/v2\/pages\/1831","targetHints":{"allow":["GET"]}}],"collection":[{"href":"https:\/\/elementor-shop.ferme-piccand.ch\/fr\/wp-json\/wp\/v2\/pages"}],"about":[{"href":"https:\/\/elementor-shop.ferme-piccand.ch\/fr\/wp-json\/wp\/v2\/types\/page"}],"author":[{"embeddable":true,"href":"https:\/\/elementor-shop.ferme-piccand.ch\/fr\/wp-json\/wp\/v2\/users\/1"}],"replies":[{"embeddable":true,"href":"https:\/\/elementor-shop.ferme-piccand.ch\/fr\/wp-json\/wp\/v2\/comments?post=1831"}],"version-history":[{"count":28,"href":"https:\/\/elementor-shop.ferme-piccand.ch\/fr\/wp-json\/wp\/v2\/pages\/1831\/revisions"}],"predecessor-version":[{"id":4612,"href":"https:\/\/elementor-shop.ferme-piccand.ch\/fr\/wp-json\/wp\/v2\/pages\/1831\/revisions\/4612"}],"wp:attachment":[{"href":"https:\/\/elementor-shop.ferme-piccand.ch\/fr\/wp-json\/wp\/v2\/media?parent=1831"}],"curies":[{"name":"wp","href":"https:\/\/api.w.org\/{rel}","templated":true}]}}